{"id":1401,"date":"2022-02-17T16:19:51","date_gmt":"2022-02-17T19:19:51","guid":{"rendered":"https:\/\/rotarycordon.com\/?page_id=1401"},"modified":"2022-02-17T16:47:18","modified_gmt":"2022-02-17T19:47:18","slug":"fundacion-rotaria-2","status":"publish","type":"page","link":"https:\/\/rotarycordon.com\/?page_id=1401","title":{"rendered":"Fundaci\u00f3n rotaria"},"content":{"rendered":"<p>[et_pb_section fb_built=\u00bb1&#8243; admin_label=\u00bbHeader\u00bb _builder_version=\u00bb4.14.7&#8243; background_color=\u00bb#f7f9f9&#8243; background_image=\u00bbhttps:\/\/rotarycordon.com\/wp-content\/uploads\/2021\/11\/charity-09.png\u00bb parallax=\u00bbon\u00bb custom_margin=\u00bb||||false|false\u00bb custom_padding=\u00bb||||false|false\u00bb collapsed=\u00bboff\u00bb global_colors_info=\u00bb{}\u00bb][et_pb_row column_structure=\u00bb1_2,1_2&#8243; _builder_version=\u00bb3.25&#8243; global_colors_info=\u00bb{}\u00bb][et_pb_column type=\u00bb1_2&#8243; _builder_version=\u00bb3.25&#8243; custom_padding=\u00bb60px|||\u00bb custom_padding_tablet=\u00bb0px||\u00bb custom_padding_phone=\u00bb\u00bb custom_padding_last_edited=\u00bbon|tablet\u00bb global_colors_info=\u00bb{}\u00bb padding_tablet=\u00bb0px||\u00bb padding_last_edited=\u00bbon|tablet\u00bb custom_padding__hover=\u00bb|||\u00bb padding_phone=\u00bb0px||\u00bb][et_pb_text _builder_version=\u00bb4.14.7&#8243; text_font=\u00bb||||||||\u00bb text_line_height=\u00bb2em\u00bb header_font=\u00bbMontserrat|600|||||||\u00bb header_text_align=\u00bbleft\u00bb header_text_color=\u00bb#0C71C3&#8243; header_font_size=\u00bb38px\u00bb header_line_height=\u00bb1.5em\u00bb header_3_font=\u00bb|800|||||||\u00bb header_3_text_color=\u00bbrgba(63,135,193,0.5)\u00bb background_layout=\u00bbdark\u00bb header_font_size_tablet=\u00bb50px\u00bb header_font_size_phone=\u00bb40px\u00bb header_font_size_last_edited=\u00bbon|phone\u00bb global_colors_info=\u00bb{}\u00bb]<\/p>\n<h1>Fundaci\u00f3n Rotaria<\/h1>\n<p>[\/et_pb_text][et_pb_text _builder_version=\u00bb4.14.7&#8243; text_font=\u00bb||||||||\u00bb text_line_height=\u00bb2em\u00bb header_font=\u00bbMontserrat|600|||||||\u00bb header_text_align=\u00bbleft\u00bb header_text_color=\u00bb#0C71C3&#8243; header_font_size=\u00bb38px\u00bb header_line_height=\u00bb1.5em\u00bb header_3_text_color=\u00bb#0C71C3&#8243; header_3_font_size=\u00bb16px\u00bb header_4_text_align=\u00bbjustify\u00bb header_4_text_color=\u00bb#0C71C3&#8243; header_5_font=\u00bb|600|||||||\u00bb header_5_text_align=\u00bbleft\u00bb header_5_text_color=\u00bb#0C71C3&#8243; header_5_line_height=\u00bb1.5em\u00bb background_layout=\u00bbdark\u00bb header_font_size_tablet=\u00bb50px\u00bb header_font_size_phone=\u00bb40px\u00bb header_font_size_last_edited=\u00bbon|phone\u00bb global_colors_info=\u00bb{}\u00bb]<\/p>\n<h3 style=\"text-align: justify;\"><span>La misi\u00f3n de<\/span><span>\u00a0<\/span><span>La Fundaci\u00f3n Rotaria<\/span><span>\u00a0<\/span><span>es apoyar los esfuerzos desplegados por Rotary International para hacer realidad el Objetivo de Rotary, la misi\u00f3n de Rotary y el logro de la comprensi\u00f3n mundial y la paz a trav\u00e9s de la implementaci\u00f3n local, nacional e internacional de programas humanitarios, educativos y culturales.<\/span><\/h3>\n<h3><\/h3>\n<p>[\/et_pb_text][\/et_pb_column][et_pb_column type=\u00bb1_2&#8243; _builder_version=\u00bb3.25&#8243; custom_padding=\u00bb|||\u00bb global_colors_info=\u00bb{}\u00bb custom_padding__hover=\u00bb|||\u00bb][et_pb_image src=\u00bbhttps:\/\/rotarycordon.com\/wp-content\/uploads\/2022\/02\/fundacion.png\u00bb title_text=\u00bbfundacion\u00bb show_bottom_space=\u00bboff\u00bb align=\u00bbcenter\u00bb align_tablet=\u00bbcenter\u00bb align_phone=\u00bb\u00bb align_last_edited=\u00bbon|desktop\u00bb _builder_version=\u00bb4.14.7&#8243; custom_margin=\u00bb||||false|false\u00bb custom_margin_tablet=\u00bb|0vw||\u00bb custom_margin_phone=\u00bb\u00bb custom_margin_last_edited=\u00bbon|tablet\u00bb animation_style=\u00bbslide\u00bb animation_direction=\u00bbright\u00bb animation_intensity_slide=\u00bb2%\u00bb global_colors_info=\u00bb{}\u00bb][\/et_pb_image][\/et_pb_column][\/et_pb_row][et_pb_row _builder_version=\u00bb4.10.6&#8243; _module_preset=\u00bbdefault\u00bb background_color=\u00bb#FFFFFF\u00bb module_alignment=\u00bbcenter\u00bb custom_padding=\u00bb|25px||25px|false|false\u00bb box_shadow_style=\u00bbpreset3&#8243; global_colors_info=\u00bb{}\u00bb][et_pb_column type=\u00bb4_4&#8243; _builder_version=\u00bb4.10.6&#8243; _module_preset=\u00bbdefault\u00bb global_colors_info=\u00bb{}\u00bb][et_pb_text _builder_version=\u00bb4.14.7&#8243; _module_preset=\u00bbdefault\u00bb text_text_color=\u00bb#000000&#8243; text_orientation=\u00bbjustified\u00bb global_colors_info=\u00bb{}\u00bb]<\/p>\n<h1 style=\"text-align: justify;\"><\/h1>\n<h1 style=\"text-align: justify;\">El papel de Rotary en la derrota de la polio<\/h1>\n<p style=\"text-align: justify;\">Como consecuencia del esfuerzo de Rotary International y su Fundaci\u00f3n, y el de nuestros colaboradores, m\u00e1s de 2.000 millones de ni\u00f1os han recibido la vacuna oral antipolio. Con su vasta red de voluntarios integrada por 1,2 millones de socios, Rotary es la principal entidad privada en la lucha contra la polio.<\/p>\n<p style=\"text-align: justify;\">Aun as\u00ed, cada a\u00f1o la polio mata o paraliza a varios ni\u00f1os, especialmente en \u00c1frica y el sur de Asia. No obstante, los rotarios prosiguen sus actividades, destinadas a protegerlos sin vacilaciones. Para 2005, las contribuciones de los rotarios a la erradicaci\u00f3n mundial de la polio superar\u00e1n los 500 millones de d\u00f3lares.<\/p>\n<h1 style=\"text-align: justify;\"><\/h1>\n<h1 style=\"text-align: justify;\">Cada Rotario, Cada A\u00f1o<\/h1>\n<p style=\"text-align: justify;\">La iniciativa Cada Rotario, Cada A\u00f1o alienta a los rotarios del mundo entero a participar plenamente en La Fundaci\u00f3n Rotaria haciendo gala de su generosidad y esp\u00edritu de servicio voluntario. Esta campa\u00f1a contribuye a sustentar los magn\u00edficos programas de la Fundaci\u00f3n.<\/p>\n<h1 style=\"text-align: justify;\"><\/h1>\n<h1 style=\"text-align: justify;\">Programas Educativos<\/h1>\n<p style=\"text-align: justify;\">Destinados a promover la meta de Rotary de alcanzar la paz, la buena voluntad y la comprensi\u00f3n mundial, los Programas Educativos de La Fundaci\u00f3n Rotaria incluyen las Becas de Buena Voluntad, las Becas para Profesores Universitarios, el Intercambio de Grupos de Estudio y los Centros de Rotary para Estudios Internacionales sobre la paz y la resoluci\u00f3n de conflictos.<\/p>\n<p>[\/et_pb_text][et_pb_text _builder_version=\u00bb4.10.6&#8243; _module_preset=\u00bbdefault\u00bb text_text_color=\u00bb#000000&#8243; text_orientation=\u00bbjustified\u00bb global_colors_info=\u00bb{}\u00bb][\/et_pb_text][\/et_pb_column][\/et_pb_row][\/et_pb_section]<\/p>\n","protected":false},"excerpt":{"rendered":"<p>Fundaci\u00f3n RotariaLa misi\u00f3n de\u00a0La Fundaci\u00f3n Rotaria\u00a0es apoyar los esfuerzos desplegados por Rotary International para hacer realidad el Objetivo de Rotary, la misi\u00f3n de Rotary y el logro de la comprensi\u00f3n mundial y la paz a trav\u00e9s de la implementaci\u00f3n local, nacional e internacional de programas humanitarios, educativos y culturales. El papel de Rotary en la [&hellip;]<\/p>\n","protected":false},"author":2,"featured_media":0,"parent":0,"menu_order":0,"comment_status":"open","ping_status":"open","template":"","meta":{"_et_pb_use_builder":"on","_et_pb_old_content":"<h3 style=\"text-align: center;\"><strong>ROTARY CLUB CORDON<\/strong>\n<strong>1967 - 2017<\/strong><\/h3>\n<h3 style=\"text-align: center;\"><strong>UNA HISTORIA DE SERVICIO<\/strong><\/h3>\nA instancias del Gobernador del Distrito N\u00b0 498, Dr. Blas Rossi Masella (R. C. De Montevideo), el Rotary Club Cord\u00f3n fue fundado el 21 de mayo de 1967 a partir de la cesi\u00f3n, por parte del Rotary Club de Montevideo, de parte de su territorio.\n\nSus l\u00edmites fueron la calle La Paz (vereda sur), Bulevar Artigas (vereda oeste), Canelones (vereda Norte) y Barrios Amor\u00edn (vereda este). La primera Junta Directiva estuvo presidida por el Dr. Elbio Rodr\u00edguez Peinado.\n\nPara 1974, el R. C. Cord\u00f3n ten\u00eda 32 socios y se reun\u00eda los d\u00edas jueves a las 12:15 horas en el Club Espa\u00f1ol, pasando luego a hacerlo en el Club Euskal Err\u00eda. En ese a\u00f1o, se concret\u00f3 la creaci\u00f3n de un Banco de sangre viva junto a la Cruz Roja Uruguaya.\n\nFruto de un intenso trabajo rotario, en Agosto de 1975 se concret\u00f3 el hermanamiento con el Rotary Club Floresta de la ciudad de Porto Alegre. Fruto de las rec\u00edprocas visitas anuales, se instituy\u00f3 el Premio Anual Montevideo \u2013 Porto Alegre, dispensado alternativamente a una persona del Uruguay y del Brasil que se hubiera destacado por su actuaci\u00f3n en una actividad de servicio a la comunidad en dichas ciudades. Tambi\u00e9n se impulsaron diversos programas de Intercambio de j\u00f3venes.\n\nEn 1976, el R. C. Cord\u00f3n, que por entonces alcanz\u00f3 a tener 56 socios, pas\u00f3 a reunirse en los salones del Club Uruguay.\n\nEn ese mismo a\u00f1o se constituy\u00f3 el Rotarct de Cord\u00f3n y con \u00e9l, a instancias del socio Dr. Jos\u00e9 Luis Filgueira, dio comienzo la campa\u00f1a para adquirir un \u201ccoraz\u00f3n-pulm\u00f3n\u201d artificial para el equipamiento del Instituto Nacional&nbsp; de Cirug\u00eda Card\u00edaca (INCC), que por entonces se estaba instalando, que fue finalmente donado por el RC de Lausana, Suiza, y entregado al INCC.\n\nEn 1977 la Rueda comenz\u00f3 a reunirse en el Centro Automovilista del Uruguay (sede del Club Argentino), siempre los d\u00edas jueves a las 12.30 horas, hasta que a principios de los a\u00f1os \u00b490 pas\u00f3 a hacerlo los martes a las 20.30 horas.\n\nEntre el 17 y el 19 de enero de 1980 tuvo lugar en la Sala de Congresos de la Intendencia de Montevideo la Conferencia de buena voluntad del presidente de RI entre representantes argentinos y chilenos que, presidida por el presidente James Bomar Jr., procur\u00f3 afianzar la paz y la comprensi\u00f3n entre ambos pueblos, enfrentados por entonces por el conflicto del Beagle.\n\nLa ocasi\u00f3n fue propicia para que el R. C. Cord\u00f3n, cuya Junta Directiva presid\u00eda por entonces el se\u00f1or Osvaldo Risi, inaugurara en presencia del Presidente de RI, del Gobernador Alfio E. Bertolotti (Rotary Club de Pando) y de otras autoridades rotarias y nacionales, un monumento a Rotary International en su 75\u00ba aniversario en la plazoleta ubicada en 8 de Octubre, Colonia y Duvimioso Terra.\n\nDicho monumento, obra de los rotarios Sergio Mannucci y Adimar Luj\u00e1n en la parte art\u00edstica y Enzo Petr\u00edn y Carlos Cavallo en el armado y construcci\u00f3n, representa las manos elevadas que aportan servicio permanente, representadas en engranajes que simbolizan trabajo en sincronizados movimientos pl\u00e1sticos. Es destacar la labor del entonces Director de la Avenida de Inter\u00e9s P\u00fablico (hoy Servicio a la Comunidad), Atilio Chimino, en la concreci\u00f3n del mismo.\n\nPor entonces se instaur\u00f3 la denominada \u201cMarat\u00f3n del 100%\u201d, destinada a incentivar la asistencia de los socios, y los listados semanales de Honor y de M\u00e9ritos, en el que figuraban los socios 100% y los que alcanzaban los m\u00e1ximos mensuales de asistencia.\n\nLa fuerte motivaci\u00f3n que dichas medidas generaron entre los rotarios del Cord\u00f3n, hizo que varios miembros de la Rueda participaran de la 72\u00aa. Conferencia Anual de RI realizada en San Pablo, Brasil, entre el 31 de mayo y el 3 de junio de 1981, en la que hicieron uso de la palabra el presidente brasile\u00f1o Joao Figueredo, la Madre Teresa de Calcuta y Pel\u00e9.\n\nEn 1982, con el apoyo del Sub Comit\u00e9 de Minusv\u00e1lidos de la Gobernaci\u00f3n del Distrito 498 de RI, el R. C. Cord\u00f3n cre\u00f3 un Fondo de Pr\u00f3tesis Auditivas con sede en la Escuela de discapacitados auditivos, cuyo objetivo fue prestar en forma gratuita las pr\u00f3tesis necesarias a los discapacitados auditivos carentes de recursos.\n\nEsta iniciativa de los rotarios Enzo Berardi y Rogelio Charlone (presidente en 1980-1981), alcanz\u00f3 a distribuir gratuitamente cientos de aparatos auditivos, transform\u00e1ndose en la obra social que m\u00e1s ha caracterizado al R. C. Cord\u00f3n.\n\nOtras obras del club beneficiaron a los hospitales Pereira Rossell, Pedro Visca y Vilardeb\u00f3, a las escuelas p\u00fablicas de la zona, al Consejo del Ni\u00f1o y a diversas instituciones privadas de ayuda social, como la Cruz Roja Uruguaya.\n\nComo muchos clubes rotarios, desde siempre nuestro club ha contado, semana a semana, con un orador invitado. En esa condici\u00f3n nos han visitado ministros de Estado, legisladores, deportistas, profesionales de las m\u00e1s diversas especialidades y otras personalidades del quehacer cultural y social. Es de destacar adem\u00e1s, que como forma de fomentar el compa\u00f1erismo, la Rueda ha organizado peri\u00f3dicamente un ciclo de charlas denominado \u201cCu\u00e9ntame de tu vida\u201d, en el que los socios dan a conocer los datos y las an\u00e9cdotas m\u00e1s relevantes de su vida.\n\nCasi desde su fundaci\u00f3n, el club cont\u00f3 con una muy activa rueda femenina integrada por las esposas de los socios, denominada primero MADER Cord\u00f3n y luego Comisi\u00f3n de damas esposas de rotarios del R. C. Cord\u00f3n.\n\nEllo llev\u00f3 a que en 1993 se resolviera la aceptaci\u00f3n de mujeres en la Rueda, a la que se incorporaron varias esposas de rotarios y otras damas con marcada vocaci\u00f3n de servicio. La primera socia fue Ivonne Mondo de Daur\u00eda.\n\nSin embargo, por la misma \u00e9poca, el R. C. Cord\u00f3n comenz\u00f3 a sufrir una importante crisis en materia de socios que lo llev\u00f3 a quedar reducido a menos de 5 en 1997, lo que llev\u00f3 a temer por su continuidad.\n\nPero ese peque\u00f1o grupo de rotarios, animados por el esp\u00edritu decidido y emprendedor que nos caracteriza, decidi\u00f3 emprender la reconstrucci\u00f3n del club apelando a incorporar nuevos socios, \"savia nueva\", como gr\u00e1ficamente describ\u00edan su prop\u00f3sito.\n\nHeber Panuncio, que hab\u00eda sido presidente de la Junta Directiva en 1988-1989 y que fue nuevamente electo para presidirla en 1997-1998, y Atilio Chimino, presidente en 1998-1999, 1999- 2000 y 2001-2002, fueron junto a Antonio Dell\u00b4iaconi, H\u00e9ctor Ciompi, Juan Carlos Rezzano (presidente en 2000-2001) y el Arq. Eduardo Daur\u00eda (presidente en 1985-1986 y 1995-1996),&nbsp; los art\u00edfices del renacimiento del club, que a la fecha cuenta con 21 socios activos.\n\nFue en esta \u00e9poca que el R. C. Cord\u00f3n pas\u00f3 a reunirse en la Sociedad Filantr\u00f3pica Crist\u00f3bal Col\u00f3n, instituci\u00f3n fundada el 12 de Octubre de 1892, desde donde volvi\u00f3 a desarrollar, muchas veces coordinando esfuerzos con ella, una importante labor social y cultural que lo ha vinculado estrechamente con otras instituciones de la zona.\n\nComo parte de esa inserci\u00f3n barrial y procurando incentivar las actividades de servicio comunitario, a partir de 2003 el Rotary Club Cord\u00f3n comenz\u00f3 a entregar el \"Premio Rotary Club Cord\u00f3n al Servicio Social\", que en su primera edici\u00f3n recay\u00f3 en la Direcci\u00f3n Nacional de Bomberos y que tambi\u00e9n han recibido la Sociedad Filantr\u00f3pica Crist\u00f3bal Col\u00f3n, el Colegio Nacional Jos\u00e9 Pedro Varela, COTHAIN, ONFI, Escuela de Discapacitados Auditivos, etc.\n\nDesde el a\u00f1o 2009, la Rueda se re\u00fane los jueves a mediod\u00eda en la sede de Cofas, habiendo tramitado y obtenido su personer\u00eda jur\u00eddica.\n\nActualmente, y desde hace varios a\u00f1os, nuestro club est\u00e1 colaborando de diversas maneras&nbsp; con la Escuela N\u00b0 197 para discapacitados auditivos, la Escuela N\u00b0 209, el Liceo Impulso, el Cuerpo de Bomberos y otras instituciones p\u00fablicas y privadas (como la asociaci\u00f3n civil \u201cHogar Correa-Rius\u201d y los hospitales Pereira Rossell, Policial y Militar). Especial destaque merece la participaci\u00f3n del club, fundamentalmente a trav\u00e9s de los socios Lorenzo Rodrigo y H\u00e9ctor Ferreira, en el programa de Atenci\u00f3n Primaria de Salud Bucal (m\u00e9todo PRAT).\n\nLo ha hecho con lo recaudado a trav\u00e9s de distintas actividades, apelando a BIOS, banco de instrumentos ortop\u00e9dicos fundado por rotarios de los Distritos 4970 y 4980 y, &nbsp;tambi\u00e9n, recurriendo a la Fundaci\u00f3n Rotaria, a la que el club aporta regularmente.\n\nProducto de esos aportes, el R.C. Cord\u00f3n se hizo acreedor a un reconocimiento Paul Harris, que la Rueda decidi\u00f3 entregar al socio Atilio Chimino en virtud de su larga y proficua trayectoria rotaria.\n\nEl esp\u00edritu rotario se vive en las reuniones de la Rueda, que habitualmente cuentan con oradores sobre los m\u00e1s variados temas. Y tambi\u00e9n en la reuniones de camarader\u00eda con la familia, que el club organiza por lo general en los salones del Club Residentes de Rivera y de la Asociaci\u00f3n Paysand\u00fa.\n\nLas visitas a otros clubes, as\u00ed como las actividades realizadas con otros clubes, como el ya tradicional bingo organizado con el R. C. Buceo en la sede de CLUBUR, son expresi\u00f3n del compromiso del club con los valores de compa\u00f1erismo y servicio.\n\nDesde 2012, a la activa presencia del Comit\u00e9 de C\u00f3nyuges, que siempre ha apoyado las actividades del club, la Rueda de Cord\u00f3n ha sumado el aporte de nuevas socias, que le han dado un nuevo dinamismo a sus actividades.\n\nEs de destacar que varios de los miembros de nuestra Rueda han integrado diversos comit\u00e9s de la gobernaci\u00f3n del Distrito 4980. Otros tantos, como el Dr. Jorge Luis Elizalde, Heber Panuncio, Atilio Chimino, Juan C. Rezzano, Alberto Keresztes, Jos\u00e9 Garchitorena, Gustavo Brozia y Enrique Bianchi se han desempe\u00f1ado como Asistentes de Gobernador. A ellos se suma el EGD Lorenzo Rodrigo, que con su incorporaci\u00f3n en 2008 ha renovado el esp\u00edritu rotario del club.\n\nEl 50\u00ba aniversario, encuentra Rotary Club Cord\u00f3n comprometido como siempre con los ideales rotarios, colaborando activamente con la gobernaci\u00f3n del Distrito 4980 en las actividades que organiza, estrechando v\u00ednculos con los dem\u00e1s clubes del distrito y trabajando activamente para \u201cDar de Si antes de Pensar en Si\u201d.","_et_gb_content_width":"","footnotes":""},"class_list":["post-1401","page","type-page","status-publish","hentry"],"jetpack_sharing_enabled":true,"jetpack_shortlink":"https:\/\/wp.me\/P80Pmn-mB","_links":{"self":[{"href":"https:\/\/rotarycordon.com\/index.php?rest_route=\/wp\/v2\/pages\/1401","targetHints":{"allow":["GET"]}}],"collection":[{"href":"https:\/\/rotarycordon.com\/index.php?rest_route=\/wp\/v2\/pages"}],"about":[{"href":"https:\/\/rotarycordon.com\/index.php?rest_route=\/wp\/v2\/types\/page"}],"author":[{"embeddable":true,"href":"https:\/\/rotarycordon.com\/index.php?rest_route=\/wp\/v2\/users\/2"}],"replies":[{"embeddable":true,"href":"https:\/\/rotarycordon.com\/index.php?rest_route=%2Fwp%2Fv2%2Fcomments&post=1401"}],"version-history":[{"count":4,"href":"https:\/\/rotarycordon.com\/index.php?rest_route=\/wp\/v2\/pages\/1401\/revisions"}],"predecessor-version":[{"id":1413,"href":"https:\/\/rotarycordon.com\/index.php?rest_route=\/wp\/v2\/pages\/1401\/revisions\/1413"}],"wp:attachment":[{"href":"https:\/\/rotarycordon.com\/index.php?rest_route=%2Fwp%2Fv2%2Fmedia&parent=1401"}],"curies":[{"name":"wp","href":"https:\/\/api.w.org\/{rel}","templated":true}]}}